{"id":601,"date":"2022-11-16T19:44:30","date_gmt":"2022-11-16T18:44:30","guid":{"rendered":"https:\/\/staging.glaskasten.de\/?post_type=product&#038;p=601"},"modified":"2025-02-06T10:52:21","modified_gmt":"2025-02-06T09:52:21","slug":"glaskasten-gkn1","status":"publish","type":"product","link":"https:\/\/glaskasten.de\/fr\/webshop\/glaskasten-gkn1\/","title":{"rendered":"Glaskasten GKN1"},"content":{"rendered":"<p>La GKN1 peut recevoir pr\u00e8s de 13 m\u00e8tres de trains \u00e0 l'\u00e9chelle N ou Z, r\u00e9partis sur 11 \u00e9tag\u00e8res. Le GKN1 est un module unique du syst\u00e8me modulaire Glaskasten.<\/p>","protected":false},"excerpt":{"rendered":"<p>Vitrine pour trains miniatures pour mod\u00e8les N et Z avec 11 \u00e9tag\u00e8res de 1,2 m<\/p>","protected":false},"featured_media":647,"template":"","meta":[],"product_brand":[],"product_cat":[108],"product_tag":[],"class_list":{"0":"post-601","1":"product","2":"type-product","3":"status-publish","4":"has-post-thumbnail","6":"product_cat-glaskasten-model-train-display-cases-for-n-and-z-scale","8":"first","9":"instock","10":"taxable","11":"shipping-taxable","12":"purchasable","13":"product-type-simple"},"_links":{"self":[{"href":"https:\/\/glaskasten.de\/fr\/wp-json\/wp\/v2\/product\/601","targetHints":{"allow":["GET"]}}],"collection":[{"href":"https:\/\/glaskasten.de\/fr\/wp-json\/wp\/v2\/product"}],"about":[{"href":"https:\/\/glaskasten.de\/fr\/wp-json\/wp\/v2\/types\/product"}],"wp:featuredmedia":[{"embeddable":true,"href":"https:\/\/glaskasten.de\/fr\/wp-json\/wp\/v2\/media\/647"}],"wp:attachment":[{"href":"https:\/\/glaskasten.de\/fr\/wp-json\/wp\/v2\/media?parent=601"}],"wp:term":[{"taxonomy":"product_brand","embeddable":true,"href":"https:\/\/glaskasten.de\/fr\/wp-json\/wp\/v2\/product_brand?post=601"},{"taxonomy":"product_cat","embeddable":true,"href":"https:\/\/glaskasten.de\/fr\/wp-json\/wp\/v2\/product_cat?post=601"},{"taxonomy":"product_tag","embeddable":true,"href":"https:\/\/glaskasten.de\/fr\/wp-json\/wp\/v2\/product_tag?post=601"}],"curies":[{"name":"wp","href":"https:\/\/api.w.org\/{rel}","templated":true}]}}