{"id":504,"date":"2022-07-22T16:32:29","date_gmt":"2022-07-22T14:32:29","guid":{"rendered":"https:\/\/staging.glaskasten.de\/?post_type=product&#038;p=504"},"modified":"2025-02-06T10:53:19","modified_gmt":"2025-02-06T09:53:19","slug":"glaskasten-gki1-1-scale-model-train-display-case-with-3-shelves-of-1-2-m","status":"publish","type":"product","link":"https:\/\/glaskasten.de\/fr\/webshop\/glaskasten-gki1-1-scale-model-train-display-case-with-3-shelves-of-1-2-m\/","title":{"rendered":"Glaskasten GKI1"},"content":{"rendered":"<p>Le GKI1 peut accueillir 3.5 m\u00e8tres de trains sur 3 \u00e9tag\u00e8res. Le GKI1 est un module unique du syst\u00e8me modulaire Glaskasten pour les mod\u00e8les de train 1:32 de diff\u00e9rents \u00e9cartements.<\/p>","protected":false},"excerpt":{"rendered":"<p>Vitrine de train miniature pour mod\u00e8les r\u00e9duits \u00e0 l'\u00e9chelle 1 avec 3 \u00e9tag\u00e8res de 1,2 m<\/p>","protected":false},"featured_media":1015,"template":"","meta":[],"product_brand":[],"product_cat":[105],"product_tag":[],"class_list":{"0":"post-504","1":"product","2":"type-product","3":"status-publish","4":"has-post-thumbnail","6":"product_cat-glaskasten-model-train-display-cases-for-1-scale","8":"first","9":"instock","10":"taxable","11":"shipping-taxable","12":"purchasable","13":"product-type-simple"},"_links":{"self":[{"href":"https:\/\/glaskasten.de\/fr\/wp-json\/wp\/v2\/product\/504","targetHints":{"allow":["GET"]}}],"collection":[{"href":"https:\/\/glaskasten.de\/fr\/wp-json\/wp\/v2\/product"}],"about":[{"href":"https:\/\/glaskasten.de\/fr\/wp-json\/wp\/v2\/types\/product"}],"wp:featuredmedia":[{"embeddable":true,"href":"https:\/\/glaskasten.de\/fr\/wp-json\/wp\/v2\/media\/1015"}],"wp:attachment":[{"href":"https:\/\/glaskasten.de\/fr\/wp-json\/wp\/v2\/media?parent=504"}],"wp:term":[{"taxonomy":"product_brand","embeddable":true,"href":"https:\/\/glaskasten.de\/fr\/wp-json\/wp\/v2\/product_brand?post=504"},{"taxonomy":"product_cat","embeddable":true,"href":"https:\/\/glaskasten.de\/fr\/wp-json\/wp\/v2\/product_cat?post=504"},{"taxonomy":"product_tag","embeddable":true,"href":"https:\/\/glaskasten.de\/fr\/wp-json\/wp\/v2\/product_tag?post=504"}],"curies":[{"name":"wp","href":"https:\/\/api.w.org\/{rel}","templated":true}]}}