{"id":459,"date":"2022-03-11T18:02:54","date_gmt":"2022-03-11T17:02:54","guid":{"rendered":"https:\/\/staging.glaskasten.de\/?post_type=product&#038;p=459"},"modified":"2025-02-06T11:18:44","modified_gmt":"2025-02-06T10:18:44","slug":"glaskasten-gko15x2-o-scale-model-train-display-case-with-9-shelves-of-1-8-m","status":"publish","type":"product","link":"https:\/\/glaskasten.de\/fr\/webshop\/glaskasten-gko15x2-o-scale-model-train-display-case-with-9-shelves-of-1-8-m\/","title":{"rendered":"Glaskasten GKO1,5x2"},"content":{"rendered":"<p>La GKO1,5x2 peut recevoir pr\u00e8s de 16 m\u00e8tres de trains \u00e0 l'\u00e9chelle O, r\u00e9partis sur 9 \u00e9tag\u00e8res. Le GKO1,5x2 est un exemple du fonctionnement du syst\u00e8me modulaire de Glaskasten, il est compos\u00e9 de quatre modules qui sont dispos\u00e9s deux par deux. Deux modules l'un au dessus de l'autre avec une \u00e9tag\u00e8re suppl\u00e9mentaire et un panneau arri\u00e8re entre les deux et deux modules l\u2019un \u00e0 c\u00f4t\u00e9 de l'autre sans cloison. Vous pouvez donc assembler 9 trains de pr\u00e8s de 1,8 m\u00e8tres de long.<\/p>","protected":false},"excerpt":{"rendered":"<p>Vitrine pour train miniature \u00e0 l'\u00e9chelle 0 avec 9 \u00e9tag\u00e8res de 1,8 m<\/p>","protected":false},"featured_media":439,"template":"","meta":[],"product_brand":[],"product_cat":[26],"product_tag":[],"class_list":{"0":"post-459","1":"product","2":"type-product","3":"status-publish","4":"has-post-thumbnail","6":"product_cat-glaskasten-model-train-display-cases-for-0-scale","8":"first","9":"instock","10":"taxable","11":"shipping-taxable","12":"purchasable","13":"product-type-simple"},"_links":{"self":[{"href":"https:\/\/glaskasten.de\/fr\/wp-json\/wp\/v2\/product\/459","targetHints":{"allow":["GET"]}}],"collection":[{"href":"https:\/\/glaskasten.de\/fr\/wp-json\/wp\/v2\/product"}],"about":[{"href":"https:\/\/glaskasten.de\/fr\/wp-json\/wp\/v2\/types\/product"}],"wp:featuredmedia":[{"embeddable":true,"href":"https:\/\/glaskasten.de\/fr\/wp-json\/wp\/v2\/media\/439"}],"wp:attachment":[{"href":"https:\/\/glaskasten.de\/fr\/wp-json\/wp\/v2\/media?parent=459"}],"wp:term":[{"taxonomy":"product_brand","embeddable":true,"href":"https:\/\/glaskasten.de\/fr\/wp-json\/wp\/v2\/product_brand?post=459"},{"taxonomy":"product_cat","embeddable":true,"href":"https:\/\/glaskasten.de\/fr\/wp-json\/wp\/v2\/product_cat?post=459"},{"taxonomy":"product_tag","embeddable":true,"href":"https:\/\/glaskasten.de\/fr\/wp-json\/wp\/v2\/product_tag?post=459"}],"curies":[{"name":"wp","href":"https:\/\/api.w.org\/{rel}","templated":true}]}}