{"id":458,"date":"2022-03-11T17:35:38","date_gmt":"2022-03-11T16:35:38","guid":{"rendered":"https:\/\/staging.glaskasten.de\/?post_type=product&#038;p=458"},"modified":"2025-02-06T11:19:25","modified_gmt":"2025-02-06T10:19:25","slug":"glaskasten-gko1x2-o-scale-model-train-display-case-with-9-shelves-of-1-2-m","status":"publish","type":"product","link":"https:\/\/glaskasten.de\/fr\/webshop\/glaskasten-gko1x2-o-scale-model-train-display-case-with-9-shelves-of-1-2-m\/","title":{"rendered":"Glaskasten GKO1x2"},"content":{"rendered":"<p>La GKO1x2 peut recevoir pr\u00e8s de 11 m\u00e8tres de trains \u00e0 l'\u00e9chelle O, r\u00e9partis sur 9 \u00e9tag\u00e8res. Le GKO1x2 est un exemple du fonctionnement du syst\u00e8me modulaire de Glaskasten, il est compos\u00e9 de deux modules GKO1 qui sont dispos\u00e9s l\u2019un au dessus de l\u2019autre avec une \u00e9tag\u00e8re suppl\u00e9mentaire et un panneau arri\u00e8re entre les deux. Vous pouvez donc assembler 9 trains de pr\u00e8s de 1,2 m\u00e8tres de long.<\/p>","protected":false},"excerpt":{"rendered":"<p>Vitrine pour train miniature \u00e0 l'\u00e9chelle 0 avec 9 \u00e9tag\u00e8res de 1,2 m<\/p>","protected":false},"featured_media":441,"template":"","meta":[],"product_brand":[],"product_cat":[26],"product_tag":[],"class_list":{"0":"post-458","1":"product","2":"type-product","3":"status-publish","4":"has-post-thumbnail","6":"product_cat-glaskasten-model-train-display-cases-for-0-scale","8":"first","9":"instock","10":"taxable","11":"shipping-taxable","12":"purchasable","13":"product-type-simple"},"_links":{"self":[{"href":"https:\/\/glaskasten.de\/fr\/wp-json\/wp\/v2\/product\/458","targetHints":{"allow":["GET"]}}],"collection":[{"href":"https:\/\/glaskasten.de\/fr\/wp-json\/wp\/v2\/product"}],"about":[{"href":"https:\/\/glaskasten.de\/fr\/wp-json\/wp\/v2\/types\/product"}],"wp:featuredmedia":[{"embeddable":true,"href":"https:\/\/glaskasten.de\/fr\/wp-json\/wp\/v2\/media\/441"}],"wp:attachment":[{"href":"https:\/\/glaskasten.de\/fr\/wp-json\/wp\/v2\/media?parent=458"}],"wp:term":[{"taxonomy":"product_brand","embeddable":true,"href":"https:\/\/glaskasten.de\/fr\/wp-json\/wp\/v2\/product_brand?post=458"},{"taxonomy":"product_cat","embeddable":true,"href":"https:\/\/glaskasten.de\/fr\/wp-json\/wp\/v2\/product_cat?post=458"},{"taxonomy":"product_tag","embeddable":true,"href":"https:\/\/glaskasten.de\/fr\/wp-json\/wp\/v2\/product_tag?post=458"}],"curies":[{"name":"wp","href":"https:\/\/api.w.org\/{rel}","templated":true}]}}