{"id":457,"date":"2022-03-11T17:13:51","date_gmt":"2022-03-11T16:13:51","guid":{"rendered":"https:\/\/staging.glaskasten.de\/?post_type=product&#038;p=457"},"modified":"2025-02-06T11:19:58","modified_gmt":"2025-02-06T10:19:58","slug":"glaskasten-gko4-o-scale-model-train-display-case-with-4-shelves-of-4-8-m","status":"publish","type":"product","link":"https:\/\/glaskasten.de\/fr\/webshop\/glaskasten-gko4-o-scale-model-train-display-case-with-4-shelves-of-4-8-m\/","title":{"rendered":"Glaskasten GKO4"},"content":{"rendered":"<p>La GKO4 peut recevoir pr\u00e8s de 19 m\u00e8tres de trains \u00e0 l'\u00e9chelle O, r\u00e9partis sur 4 \u00e9tag\u00e8res. Le GKO4 est un exemple du fonctionnement du syst\u00e8me modulaire de Glaskasten, il est compos\u00e9 de quatre modules GKO1 l\u2019un \u00e0 c\u00f4t\u00e9 de l'autre sans cloison. Vous pouvez donc assembler des trains de pr\u00e8s de 4,8 m\u00e8tres.<\/p>","protected":false},"excerpt":{"rendered":"<p>Vitrine pour train miniature \u00e0 l'\u00e9chelle 0 avec 4 \u00e9tag\u00e8res de 4,7 m<\/p>","protected":false},"featured_media":451,"template":"","meta":[],"product_brand":[],"product_cat":[26],"product_tag":[],"class_list":{"0":"post-457","1":"product","2":"type-product","3":"status-publish","4":"has-post-thumbnail","6":"product_cat-glaskasten-model-train-display-cases-for-0-scale","8":"first","9":"instock","10":"taxable","11":"shipping-taxable","12":"purchasable","13":"product-type-simple"},"_links":{"self":[{"href":"https:\/\/glaskasten.de\/fr\/wp-json\/wp\/v2\/product\/457","targetHints":{"allow":["GET"]}}],"collection":[{"href":"https:\/\/glaskasten.de\/fr\/wp-json\/wp\/v2\/product"}],"about":[{"href":"https:\/\/glaskasten.de\/fr\/wp-json\/wp\/v2\/types\/product"}],"wp:featuredmedia":[{"embeddable":true,"href":"https:\/\/glaskasten.de\/fr\/wp-json\/wp\/v2\/media\/451"}],"wp:attachment":[{"href":"https:\/\/glaskasten.de\/fr\/wp-json\/wp\/v2\/media?parent=457"}],"wp:term":[{"taxonomy":"product_brand","embeddable":true,"href":"https:\/\/glaskasten.de\/fr\/wp-json\/wp\/v2\/product_brand?post=457"},{"taxonomy":"product_cat","embeddable":true,"href":"https:\/\/glaskasten.de\/fr\/wp-json\/wp\/v2\/product_cat?post=457"},{"taxonomy":"product_tag","embeddable":true,"href":"https:\/\/glaskasten.de\/fr\/wp-json\/wp\/v2\/product_tag?post=457"}],"curies":[{"name":"wp","href":"https:\/\/api.w.org\/{rel}","templated":true}]}}