{"id":456,"date":"2022-03-11T15:34:05","date_gmt":"2022-03-11T14:34:05","guid":{"rendered":"https:\/\/staging.glaskasten.de\/?post_type=product&#038;p=456"},"modified":"2025-02-06T11:20:22","modified_gmt":"2025-02-06T10:20:22","slug":"glaskasten-gko3-o-scale-model-train-display-case-with-4-shelves-of-3-6-m","status":"publish","type":"product","link":"https:\/\/glaskasten.de\/fr\/webshop\/glaskasten-gko3-o-scale-model-train-display-case-with-4-shelves-of-3-6-m\/","title":{"rendered":"Glaskasten GKO3"},"content":{"rendered":"<p>La GKO3 peut recevoir plus de 14 m\u00e8tres de trains \u00e0 l'\u00e9chelle O, r\u00e9partis sur 4 \u00e9tag\u00e8res. Le GKO3 est un exemple du fonctionnement du syst\u00e8me modulaire de Glaskasten, il est compos\u00e9 de trois modules GKO1 l\u2019un \u00e0 c\u00f4t\u00e9 de l'autre sans cloison. Vous pouvez donc assembler des trains de pr\u00e8s de 3,6 m\u00e8tres.<\/p>","protected":false},"excerpt":{"rendered":"<p>Vitrine pour train miniature \u00e0 l'\u00e9chelle 0 avec 4 \u00e9tag\u00e8res de 3,6 m<\/p>","protected":false},"featured_media":449,"template":"","meta":[],"product_brand":[],"product_cat":[26],"product_tag":[],"class_list":{"0":"post-456","1":"product","2":"type-product","3":"status-publish","4":"has-post-thumbnail","6":"product_cat-glaskasten-model-train-display-cases-for-0-scale","8":"first","9":"instock","10":"taxable","11":"shipping-taxable","12":"purchasable","13":"product-type-simple"},"_links":{"self":[{"href":"https:\/\/glaskasten.de\/fr\/wp-json\/wp\/v2\/product\/456","targetHints":{"allow":["GET"]}}],"collection":[{"href":"https:\/\/glaskasten.de\/fr\/wp-json\/wp\/v2\/product"}],"about":[{"href":"https:\/\/glaskasten.de\/fr\/wp-json\/wp\/v2\/types\/product"}],"wp:featuredmedia":[{"embeddable":true,"href":"https:\/\/glaskasten.de\/fr\/wp-json\/wp\/v2\/media\/449"}],"wp:attachment":[{"href":"https:\/\/glaskasten.de\/fr\/wp-json\/wp\/v2\/media?parent=456"}],"wp:term":[{"taxonomy":"product_brand","embeddable":true,"href":"https:\/\/glaskasten.de\/fr\/wp-json\/wp\/v2\/product_brand?post=456"},{"taxonomy":"product_cat","embeddable":true,"href":"https:\/\/glaskasten.de\/fr\/wp-json\/wp\/v2\/product_cat?post=456"},{"taxonomy":"product_tag","embeddable":true,"href":"https:\/\/glaskasten.de\/fr\/wp-json\/wp\/v2\/product_tag?post=456"}],"curies":[{"name":"wp","href":"https:\/\/api.w.org\/{rel}","templated":true}]}}