{"id":409,"date":"2022-02-18T14:05:04","date_gmt":"2022-02-18T13:05:04","guid":{"rendered":"https:\/\/staging.glaskasten.de\/?post_type=product&#038;p=409"},"modified":"2025-02-06T11:32:53","modified_gmt":"2025-02-06T10:32:53","slug":"glaskasten-gk3-model-train-display-case-with-8-shelves-of-3-6-m","status":"publish","type":"product","link":"https:\/\/glaskasten.de\/fr\/webshop\/glaskasten-gk3-model-train-display-case-with-8-shelves-of-3-6-m\/","title":{"rendered":"Glaskasten GK3 Pro"},"content":{"rendered":"<p>La GK3 peut recevoir plus de 28 m\u00e8tres de trains, r\u00e9partis sur 8 \u00e9tag\u00e8res. Le GK3 est un exemple du fonctionnement du syst\u00e8me modulaire de Glaskasten, il est compos\u00e9 de trois modules GK1 l\u2019un \u00e0 c\u00f4t\u00e9 de l\u2019autre sans cloison. Vous pouvez donc assembler des trains de pr\u00e8s de 3,6 m\u00e8tres.<\/p>","protected":false},"excerpt":{"rendered":"<p>Vitrine de train miniature pour mod\u00e8les H0 avec 8 \u00e9tag\u00e8res de 3.6 m<\/p>","protected":false},"featured_media":408,"template":"","meta":[],"product_brand":[],"product_cat":[111],"product_tag":[],"class_list":{"0":"post-409","1":"product","2":"type-product","3":"status-publish","4":"has-post-thumbnail","6":"product_cat-glaskasten-model-train-display-cases-for-h0-scale","8":"first","9":"instock","10":"taxable","11":"shipping-taxable","12":"purchasable","13":"product-type-simple"},"_links":{"self":[{"href":"https:\/\/glaskasten.de\/fr\/wp-json\/wp\/v2\/product\/409","targetHints":{"allow":["GET"]}}],"collection":[{"href":"https:\/\/glaskasten.de\/fr\/wp-json\/wp\/v2\/product"}],"about":[{"href":"https:\/\/glaskasten.de\/fr\/wp-json\/wp\/v2\/types\/product"}],"wp:featuredmedia":[{"embeddable":true,"href":"https:\/\/glaskasten.de\/fr\/wp-json\/wp\/v2\/media\/408"}],"wp:attachment":[{"href":"https:\/\/glaskasten.de\/fr\/wp-json\/wp\/v2\/media?parent=409"}],"wp:term":[{"taxonomy":"product_brand","embeddable":true,"href":"https:\/\/glaskasten.de\/fr\/wp-json\/wp\/v2\/product_brand?post=409"},{"taxonomy":"product_cat","embeddable":true,"href":"https:\/\/glaskasten.de\/fr\/wp-json\/wp\/v2\/product_cat?post=409"},{"taxonomy":"product_tag","embeddable":true,"href":"https:\/\/glaskasten.de\/fr\/wp-json\/wp\/v2\/product_tag?post=409"}],"curies":[{"name":"wp","href":"https:\/\/api.w.org\/{rel}","templated":true}]}}