{"id":406,"date":"2022-02-18T13:35:32","date_gmt":"2022-02-18T12:35:32","guid":{"rendered":"https:\/\/staging.glaskasten.de\/?post_type=product&#038;p=406"},"modified":"2025-02-06T11:33:46","modified_gmt":"2025-02-06T10:33:46","slug":"glaskasten-gk15x2-model-train-display-case-with-17-shelves-of-1-8-m","status":"publish","type":"product","link":"https:\/\/glaskasten.de\/fr\/webshop\/glaskasten-gk15x2-model-train-display-case-with-17-shelves-of-1-8-m\/","title":{"rendered":"Glaskasten GK1,5x2 Pro"},"content":{"rendered":"<p>La GK1,5x2 peut recevoir plus de 30 m\u00e8tres de trains, r\u00e9partis sur 17 \u00e9tag\u00e8res. Le GK1,5x2 est un exemple du fonctionnement du syst\u00e8me modulaire de Glaskasten, il est compos\u00e9 de quatre modules qui sont dispos\u00e9s deux par deux. Deux modules l'un au dessus de l'autre avec une \u00e9tag\u00e8re suppl\u00e9mentaire et un panneau arri\u00e8re entre les deux et deux modules l\u2019un \u00e0 c\u00f4t\u00e9 de l'autre sans cloison. Vous pouvez donc assembler 17 trains de pr\u00e8s de 1,8 m\u00e8tres de long.<\/p>","protected":false},"excerpt":{"rendered":"<p>Vitrine de train miniature pour mod\u00e8les H0 avec 17 \u00e9tag\u00e8res de 1.8 m<\/p>","protected":false},"featured_media":396,"template":"","meta":[],"product_brand":[],"product_cat":[111],"product_tag":[],"class_list":{"0":"post-406","1":"product","2":"type-product","3":"status-publish","4":"has-post-thumbnail","6":"product_cat-glaskasten-model-train-display-cases-for-h0-scale","8":"first","9":"instock","10":"taxable","11":"shipping-taxable","12":"purchasable","13":"product-type-simple"},"_links":{"self":[{"href":"https:\/\/glaskasten.de\/fr\/wp-json\/wp\/v2\/product\/406","targetHints":{"allow":["GET"]}}],"collection":[{"href":"https:\/\/glaskasten.de\/fr\/wp-json\/wp\/v2\/product"}],"about":[{"href":"https:\/\/glaskasten.de\/fr\/wp-json\/wp\/v2\/types\/product"}],"wp:featuredmedia":[{"embeddable":true,"href":"https:\/\/glaskasten.de\/fr\/wp-json\/wp\/v2\/media\/396"}],"wp:attachment":[{"href":"https:\/\/glaskasten.de\/fr\/wp-json\/wp\/v2\/media?parent=406"}],"wp:term":[{"taxonomy":"product_brand","embeddable":true,"href":"https:\/\/glaskasten.de\/fr\/wp-json\/wp\/v2\/product_brand?post=406"},{"taxonomy":"product_cat","embeddable":true,"href":"https:\/\/glaskasten.de\/fr\/wp-json\/wp\/v2\/product_cat?post=406"},{"taxonomy":"product_tag","embeddable":true,"href":"https:\/\/glaskasten.de\/fr\/wp-json\/wp\/v2\/product_tag?post=406"}],"curies":[{"name":"wp","href":"https:\/\/api.w.org\/{rel}","templated":true}]}}