{"id":380,"date":"2021-10-22T09:39:46","date_gmt":"2021-10-22T07:39:46","guid":{"rendered":"https:\/\/staging.glaskasten.de\/?post_type=product&#038;p=380"},"modified":"2025-02-06T11:21:33","modified_gmt":"2025-02-06T10:21:33","slug":"glaskasten-gko15-o-scale-model-train-display-case-with-4-shelves-of-1-8-m","status":"publish","type":"product","link":"https:\/\/glaskasten.de\/fr\/webshop\/glaskasten-gko15-o-scale-model-train-display-case-with-4-shelves-of-1-8-m\/","title":{"rendered":"Glaskasten GKO1,5"},"content":{"rendered":"<p>La GKO1,5 peut recevoir plus de 7 m\u00e8tres de trains \u00e0 l'\u00e9chelle O, r\u00e9partis sur 4 \u00e9tag\u00e8res. Le GKO1,5 est un exemple du fonctionnement du syst\u00e8me modulaire de Glaskasten, il est compos\u00e9 d\u2019un module GKO1 et d\u2019un module GKO0,5 c\u00f4te \u00e0 c\u00f4te sans cloison. Vous pouvez donc assembler des trains de pr\u00e8s de 1,8 m\u00e8tres.<\/p>","protected":false},"excerpt":{"rendered":"<p>Vitrine pour train miniature \u00e0 l'\u00e9chelle 0 avec 4 \u00e9tag\u00e8res de 1,8 m<\/p>","protected":false},"featured_media":437,"template":"","meta":[],"product_brand":[],"product_cat":[26],"product_tag":[],"class_list":{"0":"post-380","1":"product","2":"type-product","3":"status-publish","4":"has-post-thumbnail","6":"product_cat-glaskasten-model-train-display-cases-for-0-scale","8":"first","9":"instock","10":"taxable","11":"shipping-taxable","12":"purchasable","13":"product-type-simple"},"_links":{"self":[{"href":"https:\/\/glaskasten.de\/fr\/wp-json\/wp\/v2\/product\/380","targetHints":{"allow":["GET"]}}],"collection":[{"href":"https:\/\/glaskasten.de\/fr\/wp-json\/wp\/v2\/product"}],"about":[{"href":"https:\/\/glaskasten.de\/fr\/wp-json\/wp\/v2\/types\/product"}],"wp:featuredmedia":[{"embeddable":true,"href":"https:\/\/glaskasten.de\/fr\/wp-json\/wp\/v2\/media\/437"}],"wp:attachment":[{"href":"https:\/\/glaskasten.de\/fr\/wp-json\/wp\/v2\/media?parent=380"}],"wp:term":[{"taxonomy":"product_brand","embeddable":true,"href":"https:\/\/glaskasten.de\/fr\/wp-json\/wp\/v2\/product_brand?post=380"},{"taxonomy":"product_cat","embeddable":true,"href":"https:\/\/glaskasten.de\/fr\/wp-json\/wp\/v2\/product_cat?post=380"},{"taxonomy":"product_tag","embeddable":true,"href":"https:\/\/glaskasten.de\/fr\/wp-json\/wp\/v2\/product_tag?post=380"}],"curies":[{"name":"wp","href":"https:\/\/api.w.org\/{rel}","templated":true}]}}