{"id":170,"date":"2021-05-01T12:43:13","date_gmt":"2021-05-01T10:43:13","guid":{"rendered":"https:\/\/staging.glaskasten.de\/?post_type=product&#038;p=170"},"modified":"2025-02-06T11:30:38","modified_gmt":"2025-02-06T10:30:38","slug":"glaskasten-gk2-model-train-display-case-with-8-shelves-of-2-4-m","status":"publish","type":"product","link":"https:\/\/glaskasten.de\/fr\/webshop\/glaskasten-gk2-model-train-display-case-with-8-shelves-of-2-4-m\/","title":{"rendered":"Glaskasten GK2 Pro"},"content":{"rendered":"<p>La GK2 peut recevoir pr\u00e8s de 19 m\u00e8tres de trains, r\u00e9partis sur 8 \u00e9tag\u00e8res. Le GK2 est un exemple du fonctionnement du syst\u00e8me modulaire de Glaskasten, il est compos\u00e9 de deux modules GK1 l\u2019un \u00e0 c\u00f4t\u00e9 de l\u2019autre sans cloison. Vous pouvez donc assembler des trains de pr\u00e8s de 2,4 m\u00e8tres.<\/p>","protected":false},"excerpt":{"rendered":"<p>Vitrine de train miniature pour mod\u00e8les H0 avec 8 \u00e9tag\u00e8res de 2.4 m<\/p>","protected":false},"featured_media":403,"template":"","meta":[],"product_brand":[],"product_cat":[111],"product_tag":[],"class_list":{"0":"post-170","1":"product","2":"type-product","3":"status-publish","4":"has-post-thumbnail","6":"product_cat-glaskasten-model-train-display-cases-for-h0-scale","8":"first","9":"instock","10":"taxable","11":"shipping-taxable","12":"purchasable","13":"product-type-simple"},"_links":{"self":[{"href":"https:\/\/glaskasten.de\/fr\/wp-json\/wp\/v2\/product\/170","targetHints":{"allow":["GET"]}}],"collection":[{"href":"https:\/\/glaskasten.de\/fr\/wp-json\/wp\/v2\/product"}],"about":[{"href":"https:\/\/glaskasten.de\/fr\/wp-json\/wp\/v2\/types\/product"}],"wp:featuredmedia":[{"embeddable":true,"href":"https:\/\/glaskasten.de\/fr\/wp-json\/wp\/v2\/media\/403"}],"wp:attachment":[{"href":"https:\/\/glaskasten.de\/fr\/wp-json\/wp\/v2\/media?parent=170"}],"wp:term":[{"taxonomy":"product_brand","embeddable":true,"href":"https:\/\/glaskasten.de\/fr\/wp-json\/wp\/v2\/product_brand?post=170"},{"taxonomy":"product_cat","embeddable":true,"href":"https:\/\/glaskasten.de\/fr\/wp-json\/wp\/v2\/product_cat?post=170"},{"taxonomy":"product_tag","embeddable":true,"href":"https:\/\/glaskasten.de\/fr\/wp-json\/wp\/v2\/product_tag?post=170"}],"curies":[{"name":"wp","href":"https:\/\/api.w.org\/{rel}","templated":true}]}}