{"id":162,"date":"2021-05-01T09:53:07","date_gmt":"2021-05-01T07:53:07","guid":{"rendered":"https:\/\/staging.glaskasten.de\/?post_type=product&#038;p=162"},"modified":"2025-02-06T11:34:50","modified_gmt":"2025-02-06T10:34:50","slug":"glaskasten-gk15-model-train-display-case-with-8-shelves-of-1-8-m","status":"publish","type":"product","link":"https:\/\/glaskasten.de\/fr\/webshop\/glaskasten-gk15-model-train-display-case-with-8-shelves-of-1-8-m\/","title":{"rendered":"Glaskasten GK1,5 Pro"},"content":{"rendered":"<p>La GK1,5 peut recevoir plus de 14 m\u00e8tres de trains, r\u00e9partis sur 8 \u00e9tag\u00e8res. Le GK1,5 est un exemple du fonctionnement du syst\u00e8me modulaire de Glaskasten, il est compos\u00e9 d\u2019un module GK1 et d\u2019un module GK0,5 c\u00f4te \u00e0 c\u00f4te sans cloison. Vous pouvez donc assembler des trains de pr\u00e8s de 1,8 m\u00e8tres.<\/p>","protected":false},"excerpt":{"rendered":"<p>Vitrine de train miniature pour mod\u00e8les H0 avec 8 \u00e9tag\u00e8res de 1.8 m<\/p>","protected":false},"featured_media":395,"template":"","meta":[],"product_brand":[],"product_cat":[111],"product_tag":[],"class_list":{"0":"post-162","1":"product","2":"type-product","3":"status-publish","4":"has-post-thumbnail","6":"product_cat-glaskasten-model-train-display-cases-for-h0-scale","8":"first","9":"instock","10":"taxable","11":"shipping-taxable","12":"purchasable","13":"product-type-simple"},"_links":{"self":[{"href":"https:\/\/glaskasten.de\/fr\/wp-json\/wp\/v2\/product\/162","targetHints":{"allow":["GET"]}}],"collection":[{"href":"https:\/\/glaskasten.de\/fr\/wp-json\/wp\/v2\/product"}],"about":[{"href":"https:\/\/glaskasten.de\/fr\/wp-json\/wp\/v2\/types\/product"}],"wp:featuredmedia":[{"embeddable":true,"href":"https:\/\/glaskasten.de\/fr\/wp-json\/wp\/v2\/media\/395"}],"wp:attachment":[{"href":"https:\/\/glaskasten.de\/fr\/wp-json\/wp\/v2\/media?parent=162"}],"wp:term":[{"taxonomy":"product_brand","embeddable":true,"href":"https:\/\/glaskasten.de\/fr\/wp-json\/wp\/v2\/product_brand?post=162"},{"taxonomy":"product_cat","embeddable":true,"href":"https:\/\/glaskasten.de\/fr\/wp-json\/wp\/v2\/product_cat?post=162"},{"taxonomy":"product_tag","embeddable":true,"href":"https:\/\/glaskasten.de\/fr\/wp-json\/wp\/v2\/product_tag?post=162"}],"curies":[{"name":"wp","href":"https:\/\/api.w.org\/{rel}","templated":true}]}}