{"id":122,"date":"2021-04-22T13:25:34","date_gmt":"2021-04-22T11:25:34","guid":{"rendered":"https:\/\/staging.glaskasten.de\/?post_type=product&#038;p=122"},"modified":"2025-02-06T11:35:05","modified_gmt":"2025-02-06T10:35:05","slug":"glaskasten-gk1-model-train-display-case-with-8-shelves-of-1-2-m","status":"publish","type":"product","link":"https:\/\/glaskasten.de\/fr\/webshop\/glaskasten-gk1-model-train-display-case-with-8-shelves-of-1-2-m\/","title":{"rendered":"Glaskasten GK1 Pro"},"content":{"rendered":"<p>Le GK1 peut accueillir plus de 9 m\u00e8tres de trains sur 8 \u00e9tag\u00e8res. Le GK1 est un module unique du syst\u00e8me modulaire Glaskasten.<\/p>","protected":false},"excerpt":{"rendered":"<p>Vitrine de train miniature pour mod\u00e8les H0 avec 8 \u00e9tag\u00e8res de 1.2 m<\/p>","protected":false},"featured_media":394,"template":"","meta":[],"product_brand":[],"product_cat":[111],"product_tag":[],"class_list":{"0":"post-122","1":"product","2":"type-product","3":"status-publish","4":"has-post-thumbnail","6":"product_cat-glaskasten-model-train-display-cases-for-h0-scale","8":"first","9":"instock","10":"taxable","11":"shipping-taxable","12":"purchasable","13":"product-type-simple"},"_links":{"self":[{"href":"https:\/\/glaskasten.de\/fr\/wp-json\/wp\/v2\/product\/122","targetHints":{"allow":["GET"]}}],"collection":[{"href":"https:\/\/glaskasten.de\/fr\/wp-json\/wp\/v2\/product"}],"about":[{"href":"https:\/\/glaskasten.de\/fr\/wp-json\/wp\/v2\/types\/product"}],"wp:featuredmedia":[{"embeddable":true,"href":"https:\/\/glaskasten.de\/fr\/wp-json\/wp\/v2\/media\/394"}],"wp:attachment":[{"href":"https:\/\/glaskasten.de\/fr\/wp-json\/wp\/v2\/media?parent=122"}],"wp:term":[{"taxonomy":"product_brand","embeddable":true,"href":"https:\/\/glaskasten.de\/fr\/wp-json\/wp\/v2\/product_brand?post=122"},{"taxonomy":"product_cat","embeddable":true,"href":"https:\/\/glaskasten.de\/fr\/wp-json\/wp\/v2\/product_cat?post=122"},{"taxonomy":"product_tag","embeddable":true,"href":"https:\/\/glaskasten.de\/fr\/wp-json\/wp\/v2\/product_tag?post=122"}],"curies":[{"name":"wp","href":"https:\/\/api.w.org\/{rel}","templated":true}]}}