{"id":1022,"date":"2023-05-25T16:03:52","date_gmt":"2023-05-25T14:03:52","guid":{"rendered":"https:\/\/staging.glaskasten.de\/?post_type=product&#038;p=1022"},"modified":"2025-02-06T10:50:14","modified_gmt":"2025-02-06T09:50:14","slug":"glaskasten-gki2","status":"publish","type":"product","link":"https:\/\/glaskasten.de\/fr\/webshop\/glaskasten-gki2\/","title":{"rendered":"Glaskasten GKI2"},"content":{"rendered":"<p>La GKI2 peut recevoir plus de 7 m\u00e8tres de trains, r\u00e9partis sur 3 \u00e9tag\u00e8res. Le GKI2 est un exemple du fonctionnement du syst\u00e8me modulaire de Glaskasten, il est compos\u00e9 de deux modules GKI1 l\u2019un \u00e0 c\u00f4t\u00e9 de l\u2019autre sans cloison. Vous pouvez donc assembler des trains de pr\u00e8s de 2,4 m\u00e8tres.<\/p>","protected":false},"excerpt":{"rendered":"<p>Vitrine de train miniature pour mod\u00e8les r\u00e9duits \u00e0 l'\u00e9chelle 1 avec 3 \u00e9tag\u00e8res de 2.4 m<\/p>","protected":false},"featured_media":1019,"template":"","meta":[],"product_brand":[],"product_cat":[105],"product_tag":[],"class_list":{"0":"post-1022","1":"product","2":"type-product","3":"status-publish","4":"has-post-thumbnail","6":"product_cat-glaskasten-model-train-display-cases-for-1-scale","8":"first","9":"instock","10":"taxable","11":"shipping-taxable","12":"purchasable","13":"product-type-simple"},"_links":{"self":[{"href":"https:\/\/glaskasten.de\/fr\/wp-json\/wp\/v2\/product\/1022","targetHints":{"allow":["GET"]}}],"collection":[{"href":"https:\/\/glaskasten.de\/fr\/wp-json\/wp\/v2\/product"}],"about":[{"href":"https:\/\/glaskasten.de\/fr\/wp-json\/wp\/v2\/types\/product"}],"wp:featuredmedia":[{"embeddable":true,"href":"https:\/\/glaskasten.de\/fr\/wp-json\/wp\/v2\/media\/1019"}],"wp:attachment":[{"href":"https:\/\/glaskasten.de\/fr\/wp-json\/wp\/v2\/media?parent=1022"}],"wp:term":[{"taxonomy":"product_brand","embeddable":true,"href":"https:\/\/glaskasten.de\/fr\/wp-json\/wp\/v2\/product_brand?post=1022"},{"taxonomy":"product_cat","embeddable":true,"href":"https:\/\/glaskasten.de\/fr\/wp-json\/wp\/v2\/product_cat?post=1022"},{"taxonomy":"product_tag","embeddable":true,"href":"https:\/\/glaskasten.de\/fr\/wp-json\/wp\/v2\/product_tag?post=1022"}],"curies":[{"name":"wp","href":"https:\/\/api.w.org\/{rel}","templated":true}]}}