{"id":460,"date":"2022-03-11T19:09:11","date_gmt":"2022-03-11T18:09:11","guid":{"rendered":"https:\/\/staging.glaskasten.de\/?post_type=product&#038;p=460"},"modified":"2025-02-06T11:18:46","modified_gmt":"2025-02-06T10:18:46","slug":"glaskasten-gko2x2-o-scale-model-train-display-case-with-9-shelves-of-2-4-m","status":"publish","type":"product","link":"https:\/\/glaskasten.de\/de\/webshop\/glaskasten-gko2x2-o-scale-model-train-display-case-with-9-shelves-of-2-4-m\/","title":{"rendered":"Glaskasten GKO2x2"},"content":{"rendered":"<p>Die GKO2x2 bietet Platz f\u00fcr mehr als 21 Meter Spur-0 Z\u00fcge auf 9 Ebenen. Die GKO2x2 ist ein Beispiel f\u00fcr die Funktionsweise des modularen Systems der Glaskasten: Sie besteht aus vier Modulen: Zwei Module \u00fcbereinander mit eine zus\u00e4tzliche Ebene und einer R\u00fcckwand dazwischen und zwei Module nebeneinander ohne Trennwand. So k\u00f6nnen Sie 9 Z\u00fcge von fast 2,4 Metern L\u00e4nge darstellen.<\/p>","protected":false},"excerpt":{"rendered":"<p>Modelleisenbahn-Vitrine f\u00fcr Spur 0 mit 9 Ebenen von 2,4 m<\/p>","protected":false},"featured_media":447,"template":"","meta":[],"product_brand":[],"product_cat":[26],"product_tag":[],"class_list":{"0":"post-460","1":"product","2":"type-product","3":"status-publish","4":"has-post-thumbnail","6":"product_cat-glaskasten-model-train-display-cases-for-0-scale","8":"first","9":"instock","10":"taxable","11":"shipping-taxable","12":"purchasable","13":"product-type-simple"},"_links":{"self":[{"href":"https:\/\/glaskasten.de\/de\/wp-json\/wp\/v2\/product\/460","targetHints":{"allow":["GET"]}}],"collection":[{"href":"https:\/\/glaskasten.de\/de\/wp-json\/wp\/v2\/product"}],"about":[{"href":"https:\/\/glaskasten.de\/de\/wp-json\/wp\/v2\/types\/product"}],"wp:featuredmedia":[{"embeddable":true,"href":"https:\/\/glaskasten.de\/de\/wp-json\/wp\/v2\/media\/447"}],"wp:attachment":[{"href":"https:\/\/glaskasten.de\/de\/wp-json\/wp\/v2\/media?parent=460"}],"wp:term":[{"taxonomy":"product_brand","embeddable":true,"href":"https:\/\/glaskasten.de\/de\/wp-json\/wp\/v2\/product_brand?post=460"},{"taxonomy":"product_cat","embeddable":true,"href":"https:\/\/glaskasten.de\/de\/wp-json\/wp\/v2\/product_cat?post=460"},{"taxonomy":"product_tag","embeddable":true,"href":"https:\/\/glaskasten.de\/de\/wp-json\/wp\/v2\/product_tag?post=460"}],"curies":[{"name":"wp","href":"https:\/\/api.w.org\/{rel}","templated":true}]}}