{"id":458,"date":"2022-03-11T17:35:38","date_gmt":"2022-03-11T16:35:38","guid":{"rendered":"https:\/\/staging.glaskasten.de\/?post_type=product&#038;p=458"},"modified":"2025-02-06T11:19:25","modified_gmt":"2025-02-06T10:19:25","slug":"glaskasten-gko1x2-o-scale-model-train-display-case-with-9-shelves-of-1-2-m","status":"publish","type":"product","link":"https:\/\/glaskasten.de\/de\/webshop\/glaskasten-gko1x2-o-scale-model-train-display-case-with-9-shelves-of-1-2-m\/","title":{"rendered":"Glaskasten GKO1x2"},"content":{"rendered":"<p>Die GKO1x2 bietet Platz f\u00fcr fast 11 Meter Spur-0 Z\u00fcge auf 9 Ebenen. Das GKO1x2 ist ein Beispiel daf\u00fcr, wie das modulare System von Glaskasten funktioniert, es besteht aus zwei GKO1-Modulen \u00fcbereinander mit einer zus\u00e4tzlichen Ebene und R\u00fcckwand dazwischen. So k\u00f6nnen Sie 9 Z\u00fcge mit einer L\u00e4nge von fast 1,2 Metern zusammenstellen.<\/p>","protected":false},"excerpt":{"rendered":"<p>Modelleisenbahn-Vitrine f\u00fcr Spur 0 mit 9 Ebenen von 1,2 m<\/p>","protected":false},"featured_media":441,"template":"","meta":[],"product_brand":[],"product_cat":[26],"product_tag":[],"class_list":{"0":"post-458","1":"product","2":"type-product","3":"status-publish","4":"has-post-thumbnail","6":"product_cat-glaskasten-model-train-display-cases-for-0-scale","8":"first","9":"instock","10":"taxable","11":"shipping-taxable","12":"purchasable","13":"product-type-simple"},"_links":{"self":[{"href":"https:\/\/glaskasten.de\/de\/wp-json\/wp\/v2\/product\/458","targetHints":{"allow":["GET"]}}],"collection":[{"href":"https:\/\/glaskasten.de\/de\/wp-json\/wp\/v2\/product"}],"about":[{"href":"https:\/\/glaskasten.de\/de\/wp-json\/wp\/v2\/types\/product"}],"wp:featuredmedia":[{"embeddable":true,"href":"https:\/\/glaskasten.de\/de\/wp-json\/wp\/v2\/media\/441"}],"wp:attachment":[{"href":"https:\/\/glaskasten.de\/de\/wp-json\/wp\/v2\/media?parent=458"}],"wp:term":[{"taxonomy":"product_brand","embeddable":true,"href":"https:\/\/glaskasten.de\/de\/wp-json\/wp\/v2\/product_brand?post=458"},{"taxonomy":"product_cat","embeddable":true,"href":"https:\/\/glaskasten.de\/de\/wp-json\/wp\/v2\/product_cat?post=458"},{"taxonomy":"product_tag","embeddable":true,"href":"https:\/\/glaskasten.de\/de\/wp-json\/wp\/v2\/product_tag?post=458"}],"curies":[{"name":"wp","href":"https:\/\/api.w.org\/{rel}","templated":true}]}}