{"id":456,"date":"2022-03-11T15:34:05","date_gmt":"2022-03-11T14:34:05","guid":{"rendered":"https:\/\/staging.glaskasten.de\/?post_type=product&#038;p=456"},"modified":"2025-02-06T11:20:22","modified_gmt":"2025-02-06T10:20:22","slug":"glaskasten-gko3-o-scale-model-train-display-case-with-4-shelves-of-3-6-m","status":"publish","type":"product","link":"https:\/\/glaskasten.de\/de\/webshop\/glaskasten-gko3-o-scale-model-train-display-case-with-4-shelves-of-3-6-m\/","title":{"rendered":"Glaskasten GKO3"},"content":{"rendered":"<p>Die GKO3 bietet Platz f\u00fcr mehr als 14 Meter Spur-0 Z\u00fcge auf 4 Ebenen. Die GKO3 ist ein Beispiel f\u00fcr die Funktionsweise des modularen Systems der Glaskasten: Sie besteht aus drei GKO1 modulen nebeneinander ohne Trennwand, so dass Sie Z\u00fcge von fast 3,6 Metern L\u00e4nge darstellen k\u00f6nnten.<\/p>","protected":false},"excerpt":{"rendered":"<p>Modelleisenbahn-Vitrine f\u00fcr Spur 0 mit 4 Ebenen von 3,6 m<\/p>","protected":false},"featured_media":449,"template":"","meta":[],"product_brand":[],"product_cat":[26],"product_tag":[],"class_list":{"0":"post-456","1":"product","2":"type-product","3":"status-publish","4":"has-post-thumbnail","6":"product_cat-glaskasten-model-train-display-cases-for-0-scale","8":"first","9":"instock","10":"taxable","11":"shipping-taxable","12":"purchasable","13":"product-type-simple"},"_links":{"self":[{"href":"https:\/\/glaskasten.de\/de\/wp-json\/wp\/v2\/product\/456","targetHints":{"allow":["GET"]}}],"collection":[{"href":"https:\/\/glaskasten.de\/de\/wp-json\/wp\/v2\/product"}],"about":[{"href":"https:\/\/glaskasten.de\/de\/wp-json\/wp\/v2\/types\/product"}],"wp:featuredmedia":[{"embeddable":true,"href":"https:\/\/glaskasten.de\/de\/wp-json\/wp\/v2\/media\/449"}],"wp:attachment":[{"href":"https:\/\/glaskasten.de\/de\/wp-json\/wp\/v2\/media?parent=456"}],"wp:term":[{"taxonomy":"product_brand","embeddable":true,"href":"https:\/\/glaskasten.de\/de\/wp-json\/wp\/v2\/product_brand?post=456"},{"taxonomy":"product_cat","embeddable":true,"href":"https:\/\/glaskasten.de\/de\/wp-json\/wp\/v2\/product_cat?post=456"},{"taxonomy":"product_tag","embeddable":true,"href":"https:\/\/glaskasten.de\/de\/wp-json\/wp\/v2\/product_tag?post=456"}],"curies":[{"name":"wp","href":"https:\/\/api.w.org\/{rel}","templated":true}]}}