{"id":410,"date":"2022-02-18T14:09:52","date_gmt":"2022-02-18T13:09:52","guid":{"rendered":"https:\/\/staging.glaskasten.de\/?post_type=product&#038;p=410"},"modified":"2025-02-06T11:32:32","modified_gmt":"2025-02-06T10:32:32","slug":"glaskasten-gk4-model-train-display-case-with-8-shelves-of-4-7-m","status":"publish","type":"product","link":"https:\/\/glaskasten.de\/de\/webshop\/glaskasten-gk4-model-train-display-case-with-8-shelves-of-4-7-m\/","title":{"rendered":"Glaskasten GK4 Pro"},"content":{"rendered":"<p>Die GK4 bietet Platz f\u00fcr fast 38 Meter Z\u00fcge auf 8 Ebenen. Die GK4 ist ein Beispiel f\u00fcr die Funktionsweise des modularen Systems der Glaskasten: Sie besteht aus vier GK1 modulen nebeneinander ohne Trennwand, so dass Sie Z\u00fcge von fast 4.8 Metern L\u00e4nge darstellen k\u00f6nnten.<\/p>","protected":false},"excerpt":{"rendered":"<p>Modelleisenbahn-Vitrine f\u00fcr H0-Modelle mit 8 Ebenen von 4,7 m<\/p>","protected":false},"featured_media":405,"template":"","meta":[],"product_brand":[],"product_cat":[111],"product_tag":[],"class_list":{"0":"post-410","1":"product","2":"type-product","3":"status-publish","4":"has-post-thumbnail","6":"product_cat-glaskasten-model-train-display-cases-for-h0-scale","8":"first","9":"instock","10":"taxable","11":"shipping-taxable","12":"purchasable","13":"product-type-simple"},"_links":{"self":[{"href":"https:\/\/glaskasten.de\/de\/wp-json\/wp\/v2\/product\/410","targetHints":{"allow":["GET"]}}],"collection":[{"href":"https:\/\/glaskasten.de\/de\/wp-json\/wp\/v2\/product"}],"about":[{"href":"https:\/\/glaskasten.de\/de\/wp-json\/wp\/v2\/types\/product"}],"wp:featuredmedia":[{"embeddable":true,"href":"https:\/\/glaskasten.de\/de\/wp-json\/wp\/v2\/media\/405"}],"wp:attachment":[{"href":"https:\/\/glaskasten.de\/de\/wp-json\/wp\/v2\/media?parent=410"}],"wp:term":[{"taxonomy":"product_brand","embeddable":true,"href":"https:\/\/glaskasten.de\/de\/wp-json\/wp\/v2\/product_brand?post=410"},{"taxonomy":"product_cat","embeddable":true,"href":"https:\/\/glaskasten.de\/de\/wp-json\/wp\/v2\/product_cat?post=410"},{"taxonomy":"product_tag","embeddable":true,"href":"https:\/\/glaskasten.de\/de\/wp-json\/wp\/v2\/product_tag?post=410"}],"curies":[{"name":"wp","href":"https:\/\/api.w.org\/{rel}","templated":true}]}}