{"id":407,"date":"2022-02-18T13:51:14","date_gmt":"2022-02-18T12:51:14","guid":{"rendered":"https:\/\/staging.glaskasten.de\/?post_type=product&#038;p=407"},"modified":"2025-02-06T11:33:10","modified_gmt":"2025-02-06T10:33:10","slug":"glaskasten-gk25-model-train-display-case-with-8-shelves-of-3-m","status":"publish","type":"product","link":"https:\/\/glaskasten.de\/de\/webshop\/glaskasten-gk25-model-train-display-case-with-8-shelves-of-3-m\/","title":{"rendered":"Glaskasten GK2,5 Pro"},"content":{"rendered":"<p>Die GK2,5 bietet Platz f\u00fcr mehr als 24 Meter Z\u00fcge auf 8 Ebenen. Die GK2,5 ist ein Beispiel f\u00fcr die Funktionsweise des modularen Systems der Glaskasten: Sie besteht aus zwei GK1 und eine GK0,5 module nebeneinander ohne Trennwand, so dass Sie Z\u00fcge von fast 3 Metern L\u00e4nge darstellen k\u00f6nnten.<\/p>","protected":false},"excerpt":{"rendered":"<p>Modelleisenbahn-Vitrine f\u00fcr H0-Modelle mit 8 Ebenen von 3 m<\/p>","protected":false},"featured_media":398,"template":"","meta":[],"product_brand":[],"product_cat":[111],"product_tag":[],"class_list":{"0":"post-407","1":"product","2":"type-product","3":"status-publish","4":"has-post-thumbnail","6":"product_cat-glaskasten-model-train-display-cases-for-h0-scale","8":"first","9":"instock","10":"taxable","11":"shipping-taxable","12":"purchasable","13":"product-type-simple"},"_links":{"self":[{"href":"https:\/\/glaskasten.de\/de\/wp-json\/wp\/v2\/product\/407","targetHints":{"allow":["GET"]}}],"collection":[{"href":"https:\/\/glaskasten.de\/de\/wp-json\/wp\/v2\/product"}],"about":[{"href":"https:\/\/glaskasten.de\/de\/wp-json\/wp\/v2\/types\/product"}],"wp:featuredmedia":[{"embeddable":true,"href":"https:\/\/glaskasten.de\/de\/wp-json\/wp\/v2\/media\/398"}],"wp:attachment":[{"href":"https:\/\/glaskasten.de\/de\/wp-json\/wp\/v2\/media?parent=407"}],"wp:term":[{"taxonomy":"product_brand","embeddable":true,"href":"https:\/\/glaskasten.de\/de\/wp-json\/wp\/v2\/product_brand?post=407"},{"taxonomy":"product_cat","embeddable":true,"href":"https:\/\/glaskasten.de\/de\/wp-json\/wp\/v2\/product_cat?post=407"},{"taxonomy":"product_tag","embeddable":true,"href":"https:\/\/glaskasten.de\/de\/wp-json\/wp\/v2\/product_tag?post=407"}],"curies":[{"name":"wp","href":"https:\/\/api.w.org\/{rel}","templated":true}]}}