{"id":406,"date":"2022-02-18T13:35:32","date_gmt":"2022-02-18T12:35:32","guid":{"rendered":"https:\/\/staging.glaskasten.de\/?post_type=product&#038;p=406"},"modified":"2025-02-06T11:33:46","modified_gmt":"2025-02-06T10:33:46","slug":"glaskasten-gk15x2-model-train-display-case-with-17-shelves-of-1-8-m","status":"publish","type":"product","link":"https:\/\/glaskasten.de\/de\/webshop\/glaskasten-gk15x2-model-train-display-case-with-17-shelves-of-1-8-m\/","title":{"rendered":"Glaskasten GK1,5x2 Pro"},"content":{"rendered":"<p>Die GK1,5x2 bietet Platz f\u00fcr mehr als 30 Meter Z\u00fcge auf 17 Ebenen. Die GK1,5x2 ist ein Beispiel f\u00fcr die Funktionsweise des modularen Systems der Glaskasten: Sie besteht aus vier Modulen: Zwei Module \u00fcbereinander mit eine zus\u00e4tzliche Ebene und einer R\u00fcckwand dazwischen und zwei Module nebeneinander ohne Trennwand. So k\u00f6nnen Sie 17 Z\u00fcge von fast 1.8 Metern L\u00e4nge darstellen.<\/p>","protected":false},"excerpt":{"rendered":"<p>Modelleisenbahn-Vitrine f\u00fcr H0-Modelle mit 17 Ebenen von 1,8 m<\/p>","protected":false},"featured_media":396,"template":"","meta":[],"product_brand":[],"product_cat":[111],"product_tag":[],"class_list":{"0":"post-406","1":"product","2":"type-product","3":"status-publish","4":"has-post-thumbnail","6":"product_cat-glaskasten-model-train-display-cases-for-h0-scale","8":"first","9":"instock","10":"taxable","11":"shipping-taxable","12":"purchasable","13":"product-type-simple"},"_links":{"self":[{"href":"https:\/\/glaskasten.de\/de\/wp-json\/wp\/v2\/product\/406","targetHints":{"allow":["GET"]}}],"collection":[{"href":"https:\/\/glaskasten.de\/de\/wp-json\/wp\/v2\/product"}],"about":[{"href":"https:\/\/glaskasten.de\/de\/wp-json\/wp\/v2\/types\/product"}],"wp:featuredmedia":[{"embeddable":true,"href":"https:\/\/glaskasten.de\/de\/wp-json\/wp\/v2\/media\/396"}],"wp:attachment":[{"href":"https:\/\/glaskasten.de\/de\/wp-json\/wp\/v2\/media?parent=406"}],"wp:term":[{"taxonomy":"product_brand","embeddable":true,"href":"https:\/\/glaskasten.de\/de\/wp-json\/wp\/v2\/product_brand?post=406"},{"taxonomy":"product_cat","embeddable":true,"href":"https:\/\/glaskasten.de\/de\/wp-json\/wp\/v2\/product_cat?post=406"},{"taxonomy":"product_tag","embeddable":true,"href":"https:\/\/glaskasten.de\/de\/wp-json\/wp\/v2\/product_tag?post=406"}],"curies":[{"name":"wp","href":"https:\/\/api.w.org\/{rel}","templated":true}]}}