{"id":1023,"date":"2023-05-25T16:08:32","date_gmt":"2023-05-25T14:08:32","guid":{"rendered":"https:\/\/staging.glaskasten.de\/?post_type=product&#038;p=1023"},"modified":"2025-02-06T11:04:54","modified_gmt":"2025-02-06T10:04:54","slug":"glaskasten-gki25","status":"publish","type":"product","link":"https:\/\/glaskasten.de\/de\/webshop\/glaskasten-gki25\/","title":{"rendered":"Glaskasten GKI2,5"},"content":{"rendered":"<p>Die GKI2,5 bietet Platz f\u00fcr fast 9 Meter Z\u00fcge auf 3 Ebenen. Die GKI2,5 ist ein Beispiel f\u00fcr die Funktionsweise des modularen Systems der Glaskasten: Sie besteht aus zwei GKI1 und eine GKI0,5 module nebeneinander ohne Trennwand, so dass Sie Z\u00fcge von fast 3 Metern L\u00e4nge darstellen k\u00f6nnten.<\/p>","protected":false},"excerpt":{"rendered":"<p>Modelleisenbahn-Vitrine f\u00fcr Spur-1 Modelle mit 3 Ebenen von 3 m<\/p>","protected":false},"featured_media":1017,"template":"","meta":[],"product_brand":[],"product_cat":[105],"product_tag":[],"class_list":{"0":"post-1023","1":"product","2":"type-product","3":"status-publish","4":"has-post-thumbnail","6":"product_cat-glaskasten-model-train-display-cases-for-1-scale","8":"first","9":"instock","10":"taxable","11":"shipping-taxable","12":"purchasable","13":"product-type-simple"},"_links":{"self":[{"href":"https:\/\/glaskasten.de\/de\/wp-json\/wp\/v2\/product\/1023","targetHints":{"allow":["GET"]}}],"collection":[{"href":"https:\/\/glaskasten.de\/de\/wp-json\/wp\/v2\/product"}],"about":[{"href":"https:\/\/glaskasten.de\/de\/wp-json\/wp\/v2\/types\/product"}],"wp:featuredmedia":[{"embeddable":true,"href":"https:\/\/glaskasten.de\/de\/wp-json\/wp\/v2\/media\/1017"}],"wp:attachment":[{"href":"https:\/\/glaskasten.de\/de\/wp-json\/wp\/v2\/media?parent=1023"}],"wp:term":[{"taxonomy":"product_brand","embeddable":true,"href":"https:\/\/glaskasten.de\/de\/wp-json\/wp\/v2\/product_brand?post=1023"},{"taxonomy":"product_cat","embeddable":true,"href":"https:\/\/glaskasten.de\/de\/wp-json\/wp\/v2\/product_cat?post=1023"},{"taxonomy":"product_tag","embeddable":true,"href":"https:\/\/glaskasten.de\/de\/wp-json\/wp\/v2\/product_tag?post=1023"}],"curies":[{"name":"wp","href":"https:\/\/api.w.org\/{rel}","templated":true}]}}